{"id":5913,"date":"2020-05-20T15:46:00","date_gmt":"2020-05-20T15:46:00","guid":{"rendered":"https:\/\/jiffysteamer-spain.com\/?post_type=product&#038;p=5913"},"modified":"2025-09-05T11:29:29","modified_gmt":"2025-09-05T09:29:29","slug":"jiffy-steamer-para-ropa-uso-personal","status":"publish","type":"product","link":"https:\/\/jiffysteamer-spain.com\/en\/product\/jiffy-steamer-para-ropa-uso-personal\/","title":{"rendered":"Jiffy Personal Clothing Steamer J-2000"},"content":{"rendered":"<div id=\"fws_69e2e9e3a40a0\"  data-column-margin=\"default\" data-midnight=\"dark\"  class=\"wpb_row vc_row-fluid vc_row standard_section\"  style=\"padding-top: 0px; padding-bottom: 0px; \"><div class=\"row-bg-wrap\" data-bg-animation=\"none\" data-bg-overlay=\"false\"><div class=\"inner-wrap\"><div class=\"row-bg\"  style=\"\"><\/div><\/div><div class=\"row-bg-overlay\" ><\/div><\/div><div class=\"row_col_wrap_12 col span_12 dark left\">\n\t<div  class=\"vc_col-sm-12 wpb_column column_container vc_column_container col no-extra-padding inherit_tablet inherit_phone\"  data-t-w-inherits=\"default\" data-bg-cover=\"\" data-padding-pos=\"all\" data-has-bg-color=\"false\" data-bg-color=\"\" data-bg-opacity=\"1\" data-hover-bg=\"\" data-hover-bg-opacity=\"1\" data-animation=\"\" data-delay=\"0\" >\n\t\t<div class=\"vc_column-inner\" ><div class=\"column-bg-overlay-wrap\" data-bg-animation=\"none\"><div class=\"column-bg-overlay\"><\/div><\/div>\n\t\t\t<div class=\"wpb_wrapper\">\n\t\t\t\t\n\t<div class=\"wpb_content_element\" data-interval=\"0\">\n\t\t<div class=\"wpb_wrapper tabbed clearfix\" data-style=\"material\" data-spacing=\"default\" data-icon-size=\"24\" data-full-width-line=\"\" data-color-scheme=\"extra-color-1\" data-alignment=\"center\">\n\t\t\t<ul class=\"wpb_tabs_nav ui-tabs-nav clearfix\"><li><a href=\"#tab-1755610273054-0\"><span>DETAILS<\/span><\/a><\/li><li><a href=\"#tab-1755610273095-5\"><span>USEFUL LINKS<\/span><\/a><\/li><li><a href=\"#tab-1755610273110-0\"><span>THE JIFFY PROMISE<\/span><\/a><\/li><\/ul>\n\n\t\t\t\n\t\t\t<div id=\"tab-detalles\" data-tab-icon=\"\" class=\"wpb_tab ui-tabs-panel wpb_ui-tabs-hide clearfix\">\n\t\t\t\t<div class=\"iwithtext\"><div class=\"iwt-icon\"> <i class=\"icon-default-style linecon-icon-settings accent-color\"><\/i> <\/div><div class=\"iwt-text\"> <strong>FEATURES<\/strong><\/p>\n<ul>\n<li>5.5 ft \/ 1.68 m flexible rubber hose<\/li>\n<li>6 in \/ 15.2 cm wide plastic steam head<\/li>\n<li>Ready to steam in 1 minute<\/li>\n<li>All brass couplings<\/li>\n<li>Solid die cast aluminum outer housing for durability<\/li>\n<li>Impact resistant 1 gal \/ 3.79 L water reservoir<\/li>\n<li>\"No-spill\" check valve cap<\/li>\n<li>Fusible link with automatic shut-off for safety<\/li>\n<li>360-degree swivel casters for mobility<\/li>\n<li>7 ft power cord with molded storage clip for more manageable handling<\/li>\n<li>3-Year Limited Warranty<\/li>\n<\/ul>\n <\/div><div class=\"clear\"><\/div><\/div><div class=\"iwithtext\"><div class=\"iwt-icon\"> <i class=\"icon-default-style icon-filter accent-color\"><\/i> <\/div><div class=\"iwt-text\"> <strong>OPTIONAL STEAM HEAD ATTACHMENT<\/strong><\/p>\n<ul>\n<li>6 in \/ 15.2 cm wide plastic steam head<\/li>\n<li>6 in  \/ 15.2 cm wide metal steam head<\/li>\n<li>9\/22.8 cm aluminum bent tube head<\/li>\n<li>B\" brush steam cleaning head, 6 in \/ 15.2 cm wide<\/li>\n<li>12 in \/ 30.4 cm wide carpet steam head<\/li>\n<\/ul>\n <\/div><div class=\"clear\"><\/div><\/div><div class=\"iwithtext\"><div class=\"iwt-icon\"> <i class=\"icon-default-style steadysets-icon-cube accent-color\"><\/i> <\/div><div class=\"iwt-text\"> \n<div>\n<p><strong>DIMENSIONS<\/strong><\/p>\n<ul>\n<li>Package volume: 18 in x 12 in x 17 in \/ 45.7 cm x 30.4 cm x 43.1 cm<\/li>\n<li>Assembled product volume: 15 in x 10 in x 64 in \/ 38.1 cm x 24.4 cm x 162.5 cm<\/li>\n<\/ul>\n<\/div>\n<div class=\"field-label\"><\/div>\n <\/div><div class=\"clear\"><\/div><\/div><div class=\"iwithtext\"><div class=\"iwt-icon\"> <i class=\"icon-default-style fa fa-balance-scale accent-color\"><\/i> <\/div><div class=\"iwt-text\"> \n<div class=\"field-label\">\n<div class=\"field-label\"><strong>WEIGHT<\/strong><\/div>\n<ul>\n<li>Package Weight: 17 lbs \/ 7.71 kg (Plastic Head)<\/li>\n<\/ul>\n<\/div>\n <\/div><div class=\"clear\"><\/div><\/div><div class=\"iwithtext\"><div class=\"iwt-icon\"> <i class=\"icon-default-style icon-check accent-color\"><\/i> <\/div><div class=\"iwt-text\"> <strong>SPECIFICATIONS<\/strong><\/p>\n<ul>\n<li>Electrical Certifications: UL, cUL, TUV\/GS, CE, NOM and ANCE Listed<\/li>\n<li>Steam time per filling: 90 minutes<\/li>\n<li>Water capacity: 3\/4 gal \/ 2.84 L<\/li>\n<li>Cable plug: NEMA 5-15<\/li>\n<\/ul>\n <\/div><div class=\"clear\"><\/div><\/div><div class=\"iwithtext\"><div class=\"iwt-icon\"> <i class=\"icon-default-style steadysets-icon-bolt accent-color\"><\/i> <\/div><div class=\"iwt-text\"> <strong>FOR 230 VOLTS MODELS<\/strong><\/p>\n<ul>\n<li>Voltage: 230V<\/li>\n<li>Wattage: 1300W<\/li>\n<li>Cord Plug:  BS-1363, BS-546, 6-20P, CEE-7, ETSA S-86, SI 32, NEMA 5-15<\/li>\n<\/ul>\n <\/div><div class=\"clear\"><\/div><\/div>\n\t\t\t<\/div> \n\t\t\t<div id=\"tab-manuales-e-instrucciones\" data-tab-icon=\"\" class=\"wpb_tab ui-tabs-panel wpb_ui-tabs-hide clearfix\">\n\t\t\t\t\r\n<div class=\"wpb_text_column wpb_content_element\" >\r\n\t<div class=\"wpb_wrapper\">\r\n\t\t<p><a href=\"http:\/\/www.jiffysteamereurope.eu\/sites\/default\/files\/manuales\/Ficha%20de%20presentacio%CC%81n%20modelos%20J-2000%20jiffysteamer.pdf\" target=\"_blank\" rel=\"noopener noreferrer\">Presentation sheet for J-2000 models \u00a0 <i class=\"icon-tiny fa fa-download accent-color\"><\/i><\/a><br \/>\n<a href=\"http:\/\/www.jiffysteamereurope.eu\/sites\/default\/files\/manuales\/Caracteri%CC%81sticas%20te%CC%81cnicas%20j-2000%20jiffysteamer.pdf\" target=\"_blank\" rel=\"noopener noreferrer\">Technical characteristics J-2000\u00a0 \u00a0<i class=\"icon-tiny fa fa-download accent-color\"><\/i><\/a><br \/>\n<a href=\"http:\/\/www.jiffysteamereurope.eu\/sites\/default\/files\/manuales\/Instrucciones%20de%20uso%20vaporizadores%20j-2000%20jiffysteamer.pdf\" target=\"_blank\" rel=\"noopener noreferrer\">Instructions for use of vaporizers for model J-2000\u00a0\u00a0 <i class=\"icon-tiny fa fa-download accent-color\"><\/i><\/a><br \/>\n<a href=\"http:\/\/www.jiffysteamereurope.eu\/sites\/default\/files\/manuales\/Instrucciones%20de%20limpieza%20vaporizadores%20j-1%20y%20j-2%20y%20j-2000%20jiffysteamer.pdf\" target=\"_blank\" rel=\"noopener noreferrer\">Vaporizer cleaning instructions for J-1, J-2 and J-2000 models\u00a0\u00a0 <i class=\"icon-tiny fa fa-download accent-color\"><\/i><\/a><br \/>\n<a href=\"http:\/\/www.jiffysteamereurope.eu\/sites\/default\/files\/manuales\/Partes%20y%20diagramas%20j-2000%20jiffysteamer.pdf\" target=\"_blank\" rel=\"noopener noreferrer\">Parts and diagrams of the J-2000 model\u00a0\u00a0 <i class=\"icon-tiny fa fa-download accent-color\"><\/i><\/a><\/p>\n\t<\/div>\r\n<\/div>\r\n\r\n\r\n\r\n\n\t\t\t<\/div> \n\t\t\t<div id=\"tab-promesa-jiffy\" data-tab-icon=\"\" class=\"wpb_tab ui-tabs-panel wpb_ui-tabs-hide clearfix\">\n\t\t\t\t\r\n<div class=\"wpb_text_column wpb_content_element\" >\r\n\t<div class=\"wpb_wrapper\">\r\n\t\t<div class=\"views-field views-field-title-field\">\n<p>The Jiffy Steamer Company is committed to building the best steamers available and supporting our products with unparalleled customer service.<\/p>\n<ul>\n<li>Jiffy Steamers are handcrafted in our Union City, Tennessee, USA plant.<\/li>\n<li>Every Jiffy Steamer undergoes rigorous, multistep testing before leaving our assembly line.<\/li>\n<li>All Jiffy Steamer products come with a best-in-the-industry 3-year warranty.<\/li>\n<li>Live customer support is available during regular business hours along with rapid repair turnaround time on all Jiffy Steamers.<\/li>\n<li>Jiffy Steamer donates 10% of revenue generated to the\u00a0<a href=\"http:\/\/poweredbyjiffy.com\/fighting-breast-cancer-with-jiffy-steamer\">Obion County Cancer Agency<\/a>\u00a0from the sale of every pink steamer.<\/li>\n<\/ul>\n<\/div>\n\t<\/div>\r\n<\/div>\r\n\r\n\r\n\r\n\n\t\t\t<\/div> \n\t\t<\/div> \n\t<\/div> \n\t\t\t<\/div> \n\t\t<\/div>\n\t<\/div> \n<\/div><\/div>","protected":false},"excerpt":{"rendered":"<p><strong>For personal use<\/strong><\/p>\n<p>The Jiffy Steamer J-2000 quickly and efficiently removes wrinkles from most fabrics and is perfect for home or light commercial use. Steam is the gentler alternative to ironing and is great for removing wrinkles from clothing, tablecloths, bedspreads and delicate materials. With a Jiffy Steamer, there is no need for a temperature setting like on an iron. See FEATURES below for help in selecting your steam head.<\/p>","protected":false},"featured_media":5915,"comment_status":"closed","ping_status":"closed","template":"","meta":[],"product_brand":[],"product_cat":[45,73,68,48],"product_tag":[],"class_list":{"0":"post-5913","1":"product","2":"type-product","3":"status-publish","4":"has-post-thumbnail","6":"product_cat-planchas-de-vapor","7":"product_cat-personal","8":"product_cat-manteles","9":"product_cat-ropa-personal","10":"product_shipping_class-sin-stock","12":"first","13":"onbackorder","14":"taxable","15":"shipping-taxable","16":"purchasable","17":"product-type-variable"},"yoast_head":"<!-- This site is optimized with the Yoast SEO plugin v27.1.1 - https:\/\/yoast.com\/product\/yoast-seo-wordpress\/ -->\n<title>Jiffy Steamer para ropa Personal J-2000 &#8226; Jiffy Steamer Espa\u00f1a - DISTRIBUIDOR OFFICIAL ESPA\u00d1A<\/title>\n<meta name=\"robots\" content=\"index, follow, max-snippet:-1, max-image-preview:large, max-video-preview:-1\" \/>\n<link rel=\"canonical\" href=\"https:\/\/jiffysteamer-spain.com\/en\/product\/jiffy-steamer-para-ropa-uso-personal\/\" \/>\n<meta property=\"og:locale\" content=\"en_GB\" \/>\n<meta property=\"og:type\" content=\"article\" \/>\n<meta property=\"og:title\" content=\"Jiffy Steamer para ropa Personal J-2000 &#8226; Jiffy Steamer Espa\u00f1a - DISTRIBUIDOR OFFICIAL ESPA\u00d1A\" \/>\n<meta property=\"og:description\" content=\"Para uso Personal  Jiffy Steamer J-2000 elimina de forma muy r\u00e1pida y eficaz las arrugas de la mayor\u00eda de los tejidos y es perfecto para el uso comercial y dom\u00e9stico, es la elecci\u00f3n m\u00e1s suave al planchado es ideal para eliminar las arrugas de la ropa, manteles, colchas, y tejidos muy delicados. Con Jiffy Steamer no hay necesidad de un ajuste de temperatura como en una plancha convencional.\" \/>\n<meta property=\"og:url\" content=\"https:\/\/jiffysteamer-spain.com\/en\/product\/jiffy-steamer-para-ropa-uso-personal\/\" \/>\n<meta property=\"og:site_name\" content=\"Jiffy Steamer Espa\u00f1a - DISTRIBUIDOR OFFICIAL ESPA\u00d1A\" \/>\n<meta property=\"article:publisher\" content=\"https:\/\/www.facebook.com\/JIFFY-Steamer-Spain-506230339579780\/\" \/>\n<meta property=\"article:modified_time\" content=\"2025-09-05T09:29:29+00:00\" \/>\n<meta property=\"og:image\" content=\"https:\/\/jiffysteamer-spain.com\/wp-content\/uploads\/2020\/05\/jiffy-steamer-tienda-planchas-vapor-J2000.jpg\" \/>\n\t<meta property=\"og:image:width\" content=\"667\" \/>\n\t<meta property=\"og:image:height\" content=\"667\" \/>\n\t<meta property=\"og:image:type\" content=\"image\/jpeg\" \/>\n<meta name=\"twitter:card\" content=\"summary_large_image\" \/>\n<meta name=\"twitter:site\" content=\"@jiffy_Steamer\" \/>\n<meta name=\"twitter:label1\" content=\"Estimated reading time\" \/>\n\t<meta name=\"twitter:data1\" content=\"3 minutes\" \/>\n<script type=\"application\/ld+json\" class=\"yoast-schema-graph\">{\"@context\":\"https:\/\/schema.org\",\"@graph\":[{\"@type\":\"WebPage\",\"@id\":\"https:\/\/jiffysteamer-spain.com\/producto\/jiffy-steamer-para-ropa-uso-personal\/\",\"url\":\"https:\/\/jiffysteamer-spain.com\/producto\/jiffy-steamer-para-ropa-uso-personal\/\",\"name\":\"Jiffy Steamer para ropa Personal J-2000 &#8226; Jiffy Steamer Espa\u00f1a - DISTRIBUIDOR OFFICIAL ESPA\u00d1A\",\"isPartOf\":{\"@id\":\"https:\/\/jiffysteamer-spain.com\/#website\"},\"primaryImageOfPage\":{\"@id\":\"https:\/\/jiffysteamer-spain.com\/producto\/jiffy-steamer-para-ropa-uso-personal\/#primaryimage\"},\"image\":{\"@id\":\"https:\/\/jiffysteamer-spain.com\/producto\/jiffy-steamer-para-ropa-uso-personal\/#primaryimage\"},\"thumbnailUrl\":\"https:\/\/jiffysteamer-spain.com\/wp-content\/uploads\/2020\/05\/jiffy-steamer-tienda-planchas-vapor-J2000.jpg\",\"datePublished\":\"2020-05-20T15:46:00+00:00\",\"dateModified\":\"2025-09-05T09:29:29+00:00\",\"breadcrumb\":{\"@id\":\"https:\/\/jiffysteamer-spain.com\/producto\/jiffy-steamer-para-ropa-uso-personal\/#breadcrumb\"},\"inLanguage\":\"en-GB\",\"potentialAction\":[{\"@type\":\"ReadAction\",\"target\":[\"https:\/\/jiffysteamer-spain.com\/producto\/jiffy-steamer-para-ropa-uso-personal\/\"]}]},{\"@type\":\"ImageObject\",\"inLanguage\":\"en-GB\",\"@id\":\"https:\/\/jiffysteamer-spain.com\/producto\/jiffy-steamer-para-ropa-uso-personal\/#primaryimage\",\"url\":\"https:\/\/jiffysteamer-spain.com\/wp-content\/uploads\/2020\/05\/jiffy-steamer-tienda-planchas-vapor-J2000.jpg\",\"contentUrl\":\"https:\/\/jiffysteamer-spain.com\/wp-content\/uploads\/2020\/05\/jiffy-steamer-tienda-planchas-vapor-J2000.jpg\",\"width\":667,\"height\":667,\"caption\":\"Jiffy Steamer - J-2000 para ropa uso personal\"},{\"@type\":\"BreadcrumbList\",\"@id\":\"https:\/\/jiffysteamer-spain.com\/producto\/jiffy-steamer-para-ropa-uso-personal\/#breadcrumb\",\"itemListElement\":[{\"@type\":\"ListItem\",\"position\":1,\"name\":\"Portada\",\"item\":\"https:\/\/jiffysteamer-spain.com\/\"},{\"@type\":\"ListItem\",\"position\":2,\"name\":\"Todos los productos\",\"item\":\"https:\/\/jiffysteamer-spain.com\/todos-los-productos\/\"},{\"@type\":\"ListItem\",\"position\":3,\"name\":\"Jiffy Steamer para ropa Personal J-2000\"}]},{\"@type\":\"WebSite\",\"@id\":\"https:\/\/jiffysteamer-spain.com\/#website\",\"url\":\"https:\/\/jiffysteamer-spain.com\/\",\"name\":\"Jiffy Steamer - DISTRIBUIDOR OFICIAL\",\"description\":\"WEB OFICIAL en ESPA\u00d1A -L\u00edderes en Productos de Vaporizaci\u00f3n\",\"publisher\":{\"@id\":\"https:\/\/jiffysteamer-spain.com\/#organization\"},\"alternateName\":\"WEB OFICIAL Jiffy Steamer Espa\u00f1a - WEB OFICIAL\",\"potentialAction\":[{\"@type\":\"SearchAction\",\"target\":{\"@type\":\"EntryPoint\",\"urlTemplate\":\"https:\/\/jiffysteamer-spain.com\/?s={search_term_string}\"},\"query-input\":{\"@type\":\"PropertyValueSpecification\",\"valueRequired\":true,\"valueName\":\"search_term_string\"}}],\"inLanguage\":\"en-GB\"},{\"@type\":\"Organization\",\"@id\":\"https:\/\/jiffysteamer-spain.com\/#organization\",\"name\":\"Jiffy Steamer\",\"url\":\"https:\/\/jiffysteamer-spain.com\/\",\"logo\":{\"@type\":\"ImageObject\",\"inLanguage\":\"en-GB\",\"@id\":\"https:\/\/jiffysteamer-spain.com\/#\/schema\/logo\/image\/\",\"url\":\"https:\/\/jiffysteamer-spain.com\/wp-content\/uploads\/2020\/05\/jiffy-steamer-logo_240.png\",\"contentUrl\":\"https:\/\/jiffysteamer-spain.com\/wp-content\/uploads\/2020\/05\/jiffy-steamer-logo_240.png\",\"width\":240,\"height\":69,\"caption\":\"Jiffy Steamer\"},\"image\":{\"@id\":\"https:\/\/jiffysteamer-spain.com\/#\/schema\/logo\/image\/\"},\"sameAs\":[\"https:\/\/www.facebook.com\/JIFFY-Steamer-Spain-506230339579780\/\",\"https:\/\/x.com\/jiffy_Steamer\",\"https:\/\/www.instagram.com\/jiffysteamerspain\/\",\"https:\/\/www.linkedin.com\/company\/jiffy-steamer-spain\/about\/\"]}]}<\/script>\n<!-- \/ Yoast SEO plugin. -->","yoast_head_json":{"title":"Jiffy Steamer para ropa Personal J-2000 &#8226; Jiffy Steamer Espa\u00f1a - DISTRIBUIDOR OFFICIAL ESPA\u00d1A","robots":{"index":"index","follow":"follow","max-snippet":"max-snippet:-1","max-image-preview":"max-image-preview:large","max-video-preview":"max-video-preview:-1"},"canonical":"https:\/\/jiffysteamer-spain.com\/en\/product\/jiffy-steamer-para-ropa-uso-personal\/","og_locale":"en_GB","og_type":"article","og_title":"Jiffy Steamer para ropa Personal J-2000 &#8226; Jiffy Steamer Espa\u00f1a - DISTRIBUIDOR OFFICIAL ESPA\u00d1A","og_description":"Para uso Personal  Jiffy Steamer J-2000 elimina de forma muy r\u00e1pida y eficaz las arrugas de la mayor\u00eda de los tejidos y es perfecto para el uso comercial y dom\u00e9stico, es la elecci\u00f3n m\u00e1s suave al planchado es ideal para eliminar las arrugas de la ropa, manteles, colchas, y tejidos muy delicados. Con Jiffy Steamer no hay necesidad de un ajuste de temperatura como en una plancha convencional.","og_url":"https:\/\/jiffysteamer-spain.com\/en\/product\/jiffy-steamer-para-ropa-uso-personal\/","og_site_name":"Jiffy Steamer Espa\u00f1a - DISTRIBUIDOR OFFICIAL ESPA\u00d1A","article_publisher":"https:\/\/www.facebook.com\/JIFFY-Steamer-Spain-506230339579780\/","article_modified_time":"2025-09-05T09:29:29+00:00","og_image":[{"width":667,"height":667,"url":"https:\/\/jiffysteamer-spain.com\/wp-content\/uploads\/2020\/05\/jiffy-steamer-tienda-planchas-vapor-J2000.jpg","type":"image\/jpeg"}],"twitter_card":"summary_large_image","twitter_site":"@jiffy_Steamer","twitter_misc":{"Estimated reading time":"3 minutes"},"schema":{"@context":"https:\/\/schema.org","@graph":[{"@type":"WebPage","@id":"https:\/\/jiffysteamer-spain.com\/producto\/jiffy-steamer-para-ropa-uso-personal\/","url":"https:\/\/jiffysteamer-spain.com\/producto\/jiffy-steamer-para-ropa-uso-personal\/","name":"Jiffy Steamer para ropa Personal J-2000 &#8226; Jiffy Steamer Espa\u00f1a - DISTRIBUIDOR OFFICIAL ESPA\u00d1A","isPartOf":{"@id":"https:\/\/jiffysteamer-spain.com\/#website"},"primaryImageOfPage":{"@id":"https:\/\/jiffysteamer-spain.com\/producto\/jiffy-steamer-para-ropa-uso-personal\/#primaryimage"},"image":{"@id":"https:\/\/jiffysteamer-spain.com\/producto\/jiffy-steamer-para-ropa-uso-personal\/#primaryimage"},"thumbnailUrl":"https:\/\/jiffysteamer-spain.com\/wp-content\/uploads\/2020\/05\/jiffy-steamer-tienda-planchas-vapor-J2000.jpg","datePublished":"2020-05-20T15:46:00+00:00","dateModified":"2025-09-05T09:29:29+00:00","breadcrumb":{"@id":"https:\/\/jiffysteamer-spain.com\/producto\/jiffy-steamer-para-ropa-uso-personal\/#breadcrumb"},"inLanguage":"en-GB","potentialAction":[{"@type":"ReadAction","target":["https:\/\/jiffysteamer-spain.com\/producto\/jiffy-steamer-para-ropa-uso-personal\/"]}]},{"@type":"ImageObject","inLanguage":"en-GB","@id":"https:\/\/jiffysteamer-spain.com\/producto\/jiffy-steamer-para-ropa-uso-personal\/#primaryimage","url":"https:\/\/jiffysteamer-spain.com\/wp-content\/uploads\/2020\/05\/jiffy-steamer-tienda-planchas-vapor-J2000.jpg","contentUrl":"https:\/\/jiffysteamer-spain.com\/wp-content\/uploads\/2020\/05\/jiffy-steamer-tienda-planchas-vapor-J2000.jpg","width":667,"height":667,"caption":"Jiffy Steamer - J-2000 para ropa uso personal"},{"@type":"BreadcrumbList","@id":"https:\/\/jiffysteamer-spain.com\/producto\/jiffy-steamer-para-ropa-uso-personal\/#breadcrumb","itemListElement":[{"@type":"ListItem","position":1,"name":"Portada","item":"https:\/\/jiffysteamer-spain.com\/"},{"@type":"ListItem","position":2,"name":"Todos los productos","item":"https:\/\/jiffysteamer-spain.com\/todos-los-productos\/"},{"@type":"ListItem","position":3,"name":"Jiffy Steamer para ropa Personal J-2000"}]},{"@type":"WebSite","@id":"https:\/\/jiffysteamer-spain.com\/#website","url":"https:\/\/jiffysteamer-spain.com\/","name":"Jiffy Steamer - OFFICIAL DISTRIBUTOR","description":"OFFICIAL WEBSITE in SPAIN - Leaders in Vaporization Products","publisher":{"@id":"https:\/\/jiffysteamer-spain.com\/#organization"},"alternateName":"WEB OFICIAL Jiffy Steamer Espa\u00f1a - WEB OFICIAL","potentialAction":[{"@type":"SearchAction","target":{"@type":"EntryPoint","urlTemplate":"https:\/\/jiffysteamer-spain.com\/?s={search_term_string}"},"query-input":{"@type":"PropertyValueSpecification","valueRequired":true,"valueName":"search_term_string"}}],"inLanguage":"en-GB"},{"@type":"Organization","@id":"https:\/\/jiffysteamer-spain.com\/#organization","name":"Jiffy Steamer","url":"https:\/\/jiffysteamer-spain.com\/","logo":{"@type":"ImageObject","inLanguage":"en-GB","@id":"https:\/\/jiffysteamer-spain.com\/#\/schema\/logo\/image\/","url":"https:\/\/jiffysteamer-spain.com\/wp-content\/uploads\/2020\/05\/jiffy-steamer-logo_240.png","contentUrl":"https:\/\/jiffysteamer-spain.com\/wp-content\/uploads\/2020\/05\/jiffy-steamer-logo_240.png","width":240,"height":69,"caption":"Jiffy Steamer"},"image":{"@id":"https:\/\/jiffysteamer-spain.com\/#\/schema\/logo\/image\/"},"sameAs":["https:\/\/www.facebook.com\/JIFFY-Steamer-Spain-506230339579780\/","https:\/\/x.com\/jiffy_Steamer","https:\/\/www.instagram.com\/jiffysteamerspain\/","https:\/\/www.linkedin.com\/company\/jiffy-steamer-spain\/about\/"]}]}},"_links":{"self":[{"href":"https:\/\/jiffysteamer-spain.com\/en\/wp-json\/wp\/v2\/product\/5913","targetHints":{"allow":["GET"]}}],"collection":[{"href":"https:\/\/jiffysteamer-spain.com\/en\/wp-json\/wp\/v2\/product"}],"about":[{"href":"https:\/\/jiffysteamer-spain.com\/en\/wp-json\/wp\/v2\/types\/product"}],"replies":[{"embeddable":true,"href":"https:\/\/jiffysteamer-spain.com\/en\/wp-json\/wp\/v2\/comments?post=5913"}],"wp:featuredmedia":[{"embeddable":true,"href":"https:\/\/jiffysteamer-spain.com\/en\/wp-json\/wp\/v2\/media\/5915"}],"wp:attachment":[{"href":"https:\/\/jiffysteamer-spain.com\/en\/wp-json\/wp\/v2\/media?parent=5913"}],"wp:term":[{"taxonomy":"product_brand","embeddable":true,"href":"https:\/\/jiffysteamer-spain.com\/en\/wp-json\/wp\/v2\/product_brand?post=5913"},{"taxonomy":"product_cat","embeddable":true,"href":"https:\/\/jiffysteamer-spain.com\/en\/wp-json\/wp\/v2\/product_cat?post=5913"},{"taxonomy":"product_tag","embeddable":true,"href":"https:\/\/jiffysteamer-spain.com\/en\/wp-json\/wp\/v2\/product_tag?post=5913"}],"curies":[{"name":"wp","href":"https:\/\/api.w.org\/{rel}","templated":true}]}}