{"id":6814,"date":"2020-06-18T09:26:37","date_gmt":"2020-06-18T09:26:37","guid":{"rendered":"https:\/\/jiffysteamer-spain.com\/?post_type=product&#038;p=6814"},"modified":"2025-09-05T11:29:17","modified_gmt":"2025-09-05T09:29:17","slug":"jiffy-steamer-para-sombreros-comercial-j-4000h","status":"publish","type":"product","link":"https:\/\/jiffysteamer-spain.com\/en\/product\/jiffy-steamer-para-sombreros-comercial-j-4000h\/","title":{"rendered":"Jiffy Commercial Hat Steamer J-4000H"},"content":{"rendered":"<div id=\"fws_69e300976ad19\"  data-column-margin=\"default\" data-midnight=\"dark\"  class=\"wpb_row vc_row-fluid vc_row standard_section\"  style=\"padding-top: 0px; padding-bottom: 0px; \"><div class=\"row-bg-wrap\" data-bg-animation=\"none\" data-bg-overlay=\"false\"><div class=\"inner-wrap\"><div class=\"row-bg\"  style=\"\"><\/div><\/div><div class=\"row-bg-overlay\" ><\/div><\/div><div class=\"row_col_wrap_12 col span_12 dark left\">\n\t<div  class=\"vc_col-sm-12 wpb_column column_container vc_column_container col no-extra-padding inherit_tablet inherit_phone\"  data-t-w-inherits=\"default\" data-bg-cover=\"\" data-padding-pos=\"all\" data-has-bg-color=\"false\" data-bg-color=\"\" data-bg-opacity=\"1\" data-hover-bg=\"\" data-hover-bg-opacity=\"1\" data-animation=\"\" data-delay=\"0\" >\n\t\t<div class=\"vc_column-inner\" ><div class=\"column-bg-overlay-wrap\" data-bg-animation=\"none\"><div class=\"column-bg-overlay\"><\/div><\/div>\n\t\t\t<div class=\"wpb_wrapper\">\n\t\t\t\t\n\t<div class=\"wpb_content_element\" data-interval=\"0\">\n\t\t<div class=\"wpb_wrapper tabbed clearfix\" data-style=\"material\" data-spacing=\"default\" data-icon-size=\"24\" data-full-width-line=\"\" data-color-scheme=\"extra-color-1\" data-alignment=\"center\">\n\t\t\t<ul class=\"wpb_tabs_nav ui-tabs-nav clearfix\"><li><a href=\"#tab-1754422358641-8\"><span>DETAILS<\/span><\/a><\/li><li><a href=\"#tab-1754422358695-1\"><span>USEFUL LINKS<\/span><\/a><\/li><li><a href=\"#tab-1754422358707-3\"><span>THE JIFFY PROMISE<\/span><\/a><\/li><\/ul>\n\n\t\t\t\n\t\t\t<div id=\"tab-detalles\" data-tab-icon=\"\" class=\"wpb_tab ui-tabs-panel wpb_ui-tabs-hide clearfix\">\n\t\t\t\t<div class=\"iwithtext\"><div class=\"iwt-icon\"> <i class=\"icon-default-style linecon-icon-settings accent-color\"><\/i> <\/div><div class=\"iwt-text\"> <strong>FEATURES<\/strong><\/p>\n<ul>\n<li>Special brass hat nozzle<\/li>\n<li>Tabletop unit<\/li>\n<li>Convenient standby and steam settings<\/li>\n<li>Reaches standby temperature within 15 minutes<\/li>\n<li>Ready to steam within 2 minutes once at the standby temperature<\/li>\n<li>All brass couplings<\/li>\n<li>Solid die cast aluminum outer housing for durability<\/li>\n<li>304 stainless steel internal boiler tank<\/li>\n<li>No water lines that could become clogged with hard water deposits<\/li>\n<li>1 gal \/ 3.79 L self-contained water tank<\/li>\n<li>Sight gauge for quick view of water level and sediment buildup<\/li>\n<li>\"No-spill\" check valve cap<\/li>\n<li>Fusible link with automatic shut-off for safety<\/li>\n<li>3-Year Limited Warranty<\/li>\n<\/ul>\n <\/div><div class=\"clear\"><\/div><\/div><div class=\"iwithtext\"><div class=\"iwt-icon\"> <i class=\"icon-default-style steadysets-icon-cube accent-color\"><\/i> <\/div><div class=\"iwt-text\"> <strong>DIMENSIONS<\/strong><\/p>\n<ul>\n<li>Package Volume: 20 in x 12 in x 13 in \/ 50.8 cm x 30.4 cm x 33 cm<\/li>\n<li>Assembled product volume: 20 in x 11 in x 13 in \/ 50.8 cm x 27.9 cm x 33 cm<\/li>\n<\/ul>\n <\/div><div class=\"clear\"><\/div><\/div><div class=\"iwithtext\"><div class=\"iwt-icon\"> <i class=\"icon-default-style fa fa-balance-scale accent-color\"><\/i> <\/div><div class=\"iwt-text\"> \n<div class=\"field-label\">\n<div class=\"field-label\"><strong>WEIGHT<\/strong><\/div>\n<ul>\n<li>Package Weight: 23 lbs \/ 10.43 kg<\/li>\n<\/ul>\n<\/div>\n <\/div><div class=\"clear\"><\/div><\/div><div class=\"iwithtext\"><div class=\"iwt-icon\"> <i class=\"icon-default-style icon-check accent-color\"><\/i> <\/div><div class=\"iwt-text\"> <strong>SPECIFICATIONS<\/strong><\/p>\n<ul>\n<li>Electrical Certifications: UL, cUL, TUV\/GS, CE, NOM and ANCE Listed<\/li>\n<li>Steam time per fill: 1 hour and 45 minutes<\/li>\n<li>Water capacity: 1 gal \/ 3.79 L<\/li>\n<\/ul>\n <\/div><div class=\"clear\"><\/div><\/div><div class=\"iwithtext\"><div class=\"iwt-icon\"> <i class=\"icon-default-style steadysets-icon-bolt accent-color\"><\/i> <\/div><div class=\"iwt-text\"> <strong>FOR 230 VOLTS MODELS<\/strong><\/p>\n<ul>\n<li>Voltage: 230V<\/li>\n<li>Wattage: 1500W<\/li>\n<li>Cord Plug:  BS-1363, BS-546, 6-20P, CEE-7, ETSA S-86, SI 32, NEMA 5-15<\/li>\n<\/ul>\n <\/div><div class=\"clear\"><\/div><\/div>\n\t\t\t<\/div> \n\t\t\t<div id=\"tab-manuales-e-instrucciones\" data-tab-icon=\"\" class=\"wpb_tab ui-tabs-panel wpb_ui-tabs-hide clearfix\">\n\t\t\t\t\r\n<div class=\"wpb_text_column wpb_content_element\" >\r\n\t<div class=\"wpb_wrapper\">\r\n\t\t<p><a href=\"https:\/\/jiffysteamer-spain.com\/wp-content\/uploads\/2020\/05\/Ficha-de-presentacio\u0301n-modelos-J-4000-jiffysteamer.pdf\" target=\"_blank\" rel=\"noopener noreferrer\">Presentation sheet for J-4000 models \u00a0 <i class=\"icon-tiny fa fa-download accent-color\"><\/i><\/a><br \/>\n<a href=\"https:\/\/jiffysteamer-spain.com\/wp-content\/uploads\/2020\/05\/Caracteri\u0301sticas-te\u0301cnicas-j-4000-jiffysteamer.pdf\" target=\"_blank\" rel=\"noopener noreferrer\">Technical characteristics J-4000\u00a0 \u00a0<i class=\"icon-tiny fa fa-download accent-color\"><\/i><\/a><br \/>\n<a href=\"https:\/\/jiffysteamer-spain.com\/wp-content\/uploads\/2020\/05\/Instrucciones-de-uso-vaporizador-j-4000-jiffysteamer.pdf\" target=\"_blank\" rel=\"noopener noreferrer\">Instructions for use of vaporizers for model J-4000\u00a0\u00a0 <i class=\"icon-tiny fa fa-download accent-color\"><\/i><\/a><br \/>\n<a href=\"https:\/\/jiffysteamer-spain.com\/wp-content\/uploads\/2020\/05\/Instrucciones-de-limpieza-vaporizador-j-4000-jiffysteamer.pdf\" target=\"_blank\" rel=\"noopener noreferrer\">Vaporizer Cleaning Instructions for Model J-4000\u00a0\u00a0 <i class=\"icon-tiny fa fa-download accent-color\"><\/i><\/a><br \/>\n<a href=\"https:\/\/jiffysteamer-spain.com\/wp-content\/uploads\/2020\/05\/Partes-y-diagramas-j-4000-jiffysteamer.pdf\" target=\"_blank\" rel=\"noopener noreferrer\">Parts and diagrams of the J-4000 model\u00a0\u00a0 <i class=\"icon-tiny fa fa-download accent-color\"><\/i><\/a><\/p>\n\t<\/div>\r\n<\/div>\r\n\r\n\r\n\r\n\n\t\t\t<\/div> \n\t\t\t<div id=\"tab-promesa-jiffy\" data-tab-icon=\"\" class=\"wpb_tab ui-tabs-panel wpb_ui-tabs-hide clearfix\">\n\t\t\t\t\r\n<div class=\"wpb_text_column wpb_content_element\" >\r\n\t<div class=\"wpb_wrapper\">\r\n\t\t<div class=\"views-field views-field-title-field\">\n<p>The Jiffy Steamer Company is committed to building the best steamers available and supporting our products with unparalleled customer service.<\/p>\n<ul>\n<li>Jiffy Steamers are handcrafted in our Union City, Tennessee, USA plant.<\/li>\n<li>Every Jiffy Steamer undergoes rigorous, multistep testing before leaving our assembly line.<\/li>\n<li>All Jiffy Steamer products come with a best-in-the-industry 3-year warranty.<\/li>\n<li>Live customer support is available during regular business hours along with rapid repair turnaround time on all Jiffy Steamers.<\/li>\n<li>Jiffy Steamer donates 10% of revenue generated to the\u00a0<a href=\"http:\/\/poweredbyjiffy.com\/fighting-breast-cancer-with-jiffy-steamer\">Obion County Cancer Agency<\/a>\u00a0from the sale of every pink steamer.<\/li>\n<\/ul>\n<\/div>\n\t<\/div>\r\n<\/div>\r\n\r\n\r\n\r\n\n\t\t\t<\/div> \n\t\t<\/div> \n\t<\/div> \n\t\t\t<\/div> \n\t\t<\/div>\n\t<\/div> \n<\/div><\/div>","protected":false},"excerpt":{"rendered":"<p><strong>For personal and professional use<\/strong><\/p>\n<p>Hat shops prefer the heavy-duty Jiffy Commercial Hat Steamer for quickly and safely shaping and blocking their customers' hats. The J-4000H produces an abundance of purified steam that contains the exact amount of moisture for removing packing marks, nesting rings, wrinkles from hat bands and other imperfections.<\/p>","protected":false},"featured_media":6819,"comment_status":"open","ping_status":"closed","template":"","meta":[],"product_brand":[],"product_cat":[45,74,66],"product_tag":[],"class_list":{"0":"post-6814","1":"product","2":"type-product","3":"status-publish","4":"has-post-thumbnail","6":"product_cat-planchas-de-vapor","7":"product_cat-especialidad","8":"product_cat-sombreros","9":"product_shipping_class-sin-stock","11":"first","12":"onbackorder","13":"taxable","14":"shipping-taxable","15":"purchasable","16":"product-type-variable"},"yoast_head":"<!-- This site is optimized with the Yoast SEO plugin v27.1.1 - https:\/\/yoast.com\/product\/yoast-seo-wordpress\/ -->\n<title>Jiffy Steamer para Sombreros comercial J-4000H &#8226; Jiffy Steamer Espa\u00f1a - DISTRIBUIDOR OFFICIAL ESPA\u00d1A<\/title>\n<meta name=\"robots\" content=\"index, follow, max-snippet:-1, max-image-preview:large, max-video-preview:-1\" \/>\n<link rel=\"canonical\" href=\"https:\/\/jiffysteamer-spain.com\/en\/product\/jiffy-steamer-para-sombreros-comercial-j-4000h\/\" \/>\n<meta property=\"og:locale\" content=\"en_GB\" \/>\n<meta property=\"og:type\" content=\"article\" \/>\n<meta property=\"og:title\" content=\"Jiffy Steamer para Sombreros comercial J-4000H &#8226; Jiffy Steamer Espa\u00f1a - DISTRIBUIDOR OFFICIAL ESPA\u00d1A\" \/>\n<meta property=\"og:description\" content=\"Para uso profesional y especialidad  Las tiendas de venta de sombreros prefieren este modelo Jiffy Comercial Hat Steamer resistente para dar forma r\u00e1pida y segura los sombreros de sus clientes. El modelo J-4000H produce una gran cantidad de vapor continuo que contiene la cantidad exacta de humedad para eliminar marcas de empaque, arrugas de bandas de sombreros, anillos de anidaci\u00f3n y otras posibles imperfecciones del sombrero.\" \/>\n<meta property=\"og:url\" content=\"https:\/\/jiffysteamer-spain.com\/en\/product\/jiffy-steamer-para-sombreros-comercial-j-4000h\/\" \/>\n<meta property=\"og:site_name\" content=\"Jiffy Steamer Espa\u00f1a - DISTRIBUIDOR OFFICIAL ESPA\u00d1A\" \/>\n<meta property=\"article:publisher\" content=\"https:\/\/www.facebook.com\/JIFFY-Steamer-Spain-506230339579780\/\" \/>\n<meta property=\"article:modified_time\" content=\"2025-09-05T09:29:17+00:00\" \/>\n<meta property=\"og:image\" content=\"https:\/\/jiffysteamer-spain.com\/wp-content\/uploads\/2020\/06\/j-4000h_tan.jpg\" \/>\n\t<meta property=\"og:image:width\" content=\"667\" \/>\n\t<meta property=\"og:image:height\" content=\"667\" \/>\n\t<meta property=\"og:image:type\" content=\"image\/jpeg\" \/>\n<meta name=\"twitter:card\" content=\"summary_large_image\" \/>\n<meta name=\"twitter:site\" content=\"@jiffy_Steamer\" \/>\n<meta name=\"twitter:label1\" content=\"Estimated reading time\" \/>\n\t<meta name=\"twitter:data1\" content=\"3 minutes\" \/>\n<script type=\"application\/ld+json\" class=\"yoast-schema-graph\">{\"@context\":\"https:\/\/schema.org\",\"@graph\":[{\"@type\":\"WebPage\",\"@id\":\"https:\/\/jiffysteamer-spain.com\/producto\/jiffy-steamer-para-sombreros-comercial-j-4000h\/\",\"url\":\"https:\/\/jiffysteamer-spain.com\/producto\/jiffy-steamer-para-sombreros-comercial-j-4000h\/\",\"name\":\"Jiffy Steamer para Sombreros comercial J-4000H &#8226; Jiffy Steamer Espa\u00f1a - DISTRIBUIDOR OFFICIAL ESPA\u00d1A\",\"isPartOf\":{\"@id\":\"https:\/\/jiffysteamer-spain.com\/#website\"},\"primaryImageOfPage\":{\"@id\":\"https:\/\/jiffysteamer-spain.com\/producto\/jiffy-steamer-para-sombreros-comercial-j-4000h\/#primaryimage\"},\"image\":{\"@id\":\"https:\/\/jiffysteamer-spain.com\/producto\/jiffy-steamer-para-sombreros-comercial-j-4000h\/#primaryimage\"},\"thumbnailUrl\":\"https:\/\/jiffysteamer-spain.com\/wp-content\/uploads\/2020\/06\/j-4000h_tan.jpg\",\"datePublished\":\"2020-06-18T09:26:37+00:00\",\"dateModified\":\"2025-09-05T09:29:17+00:00\",\"breadcrumb\":{\"@id\":\"https:\/\/jiffysteamer-spain.com\/producto\/jiffy-steamer-para-sombreros-comercial-j-4000h\/#breadcrumb\"},\"inLanguage\":\"en-GB\",\"potentialAction\":[{\"@type\":\"ReadAction\",\"target\":[\"https:\/\/jiffysteamer-spain.com\/producto\/jiffy-steamer-para-sombreros-comercial-j-4000h\/\"]}]},{\"@type\":\"ImageObject\",\"inLanguage\":\"en-GB\",\"@id\":\"https:\/\/jiffysteamer-spain.com\/producto\/jiffy-steamer-para-sombreros-comercial-j-4000h\/#primaryimage\",\"url\":\"https:\/\/jiffysteamer-spain.com\/wp-content\/uploads\/2020\/06\/j-4000h_tan.jpg\",\"contentUrl\":\"https:\/\/jiffysteamer-spain.com\/wp-content\/uploads\/2020\/06\/j-4000h_tan.jpg\",\"width\":667,\"height\":667,\"caption\":\"Jiffy Steamer - J-2000H\"},{\"@type\":\"BreadcrumbList\",\"@id\":\"https:\/\/jiffysteamer-spain.com\/producto\/jiffy-steamer-para-sombreros-comercial-j-4000h\/#breadcrumb\",\"itemListElement\":[{\"@type\":\"ListItem\",\"position\":1,\"name\":\"Portada\",\"item\":\"https:\/\/jiffysteamer-spain.com\/\"},{\"@type\":\"ListItem\",\"position\":2,\"name\":\"Todos los productos\",\"item\":\"https:\/\/jiffysteamer-spain.com\/todos-los-productos\/\"},{\"@type\":\"ListItem\",\"position\":3,\"name\":\"Jiffy Steamer para Sombreros comercial J-4000H\"}]},{\"@type\":\"WebSite\",\"@id\":\"https:\/\/jiffysteamer-spain.com\/#website\",\"url\":\"https:\/\/jiffysteamer-spain.com\/\",\"name\":\"Jiffy Steamer - DISTRIBUIDOR OFICIAL\",\"description\":\"WEB OFICIAL en ESPA\u00d1A -L\u00edderes en Productos de Vaporizaci\u00f3n\",\"publisher\":{\"@id\":\"https:\/\/jiffysteamer-spain.com\/#organization\"},\"alternateName\":\"WEB OFICIAL Jiffy Steamer Espa\u00f1a - WEB OFICIAL\",\"potentialAction\":[{\"@type\":\"SearchAction\",\"target\":{\"@type\":\"EntryPoint\",\"urlTemplate\":\"https:\/\/jiffysteamer-spain.com\/?s={search_term_string}\"},\"query-input\":{\"@type\":\"PropertyValueSpecification\",\"valueRequired\":true,\"valueName\":\"search_term_string\"}}],\"inLanguage\":\"en-GB\"},{\"@type\":\"Organization\",\"@id\":\"https:\/\/jiffysteamer-spain.com\/#organization\",\"name\":\"Jiffy Steamer\",\"url\":\"https:\/\/jiffysteamer-spain.com\/\",\"logo\":{\"@type\":\"ImageObject\",\"inLanguage\":\"en-GB\",\"@id\":\"https:\/\/jiffysteamer-spain.com\/#\/schema\/logo\/image\/\",\"url\":\"https:\/\/jiffysteamer-spain.com\/wp-content\/uploads\/2020\/05\/jiffy-steamer-logo_240.png\",\"contentUrl\":\"https:\/\/jiffysteamer-spain.com\/wp-content\/uploads\/2020\/05\/jiffy-steamer-logo_240.png\",\"width\":240,\"height\":69,\"caption\":\"Jiffy Steamer\"},\"image\":{\"@id\":\"https:\/\/jiffysteamer-spain.com\/#\/schema\/logo\/image\/\"},\"sameAs\":[\"https:\/\/www.facebook.com\/JIFFY-Steamer-Spain-506230339579780\/\",\"https:\/\/x.com\/jiffy_Steamer\",\"https:\/\/www.instagram.com\/jiffysteamerspain\/\",\"https:\/\/www.linkedin.com\/company\/jiffy-steamer-spain\/about\/\"]}]}<\/script>\n<!-- \/ Yoast SEO plugin. -->","yoast_head_json":{"title":"Jiffy Steamer para Sombreros comercial J-4000H &#8226; Jiffy Steamer Espa\u00f1a - DISTRIBUIDOR OFFICIAL ESPA\u00d1A","robots":{"index":"index","follow":"follow","max-snippet":"max-snippet:-1","max-image-preview":"max-image-preview:large","max-video-preview":"max-video-preview:-1"},"canonical":"https:\/\/jiffysteamer-spain.com\/en\/product\/jiffy-steamer-para-sombreros-comercial-j-4000h\/","og_locale":"en_GB","og_type":"article","og_title":"Jiffy Steamer para Sombreros comercial J-4000H &#8226; Jiffy Steamer Espa\u00f1a - DISTRIBUIDOR OFFICIAL ESPA\u00d1A","og_description":"Para uso profesional y especialidad  Las tiendas de venta de sombreros prefieren este modelo Jiffy Comercial Hat Steamer resistente para dar forma r\u00e1pida y segura los sombreros de sus clientes. El modelo J-4000H produce una gran cantidad de vapor continuo que contiene la cantidad exacta de humedad para eliminar marcas de empaque, arrugas de bandas de sombreros, anillos de anidaci\u00f3n y otras posibles imperfecciones del sombrero.","og_url":"https:\/\/jiffysteamer-spain.com\/en\/product\/jiffy-steamer-para-sombreros-comercial-j-4000h\/","og_site_name":"Jiffy Steamer Espa\u00f1a - DISTRIBUIDOR OFFICIAL ESPA\u00d1A","article_publisher":"https:\/\/www.facebook.com\/JIFFY-Steamer-Spain-506230339579780\/","article_modified_time":"2025-09-05T09:29:17+00:00","og_image":[{"width":667,"height":667,"url":"https:\/\/jiffysteamer-spain.com\/wp-content\/uploads\/2020\/06\/j-4000h_tan.jpg","type":"image\/jpeg"}],"twitter_card":"summary_large_image","twitter_site":"@jiffy_Steamer","twitter_misc":{"Estimated reading time":"3 minutes"},"schema":{"@context":"https:\/\/schema.org","@graph":[{"@type":"WebPage","@id":"https:\/\/jiffysteamer-spain.com\/producto\/jiffy-steamer-para-sombreros-comercial-j-4000h\/","url":"https:\/\/jiffysteamer-spain.com\/producto\/jiffy-steamer-para-sombreros-comercial-j-4000h\/","name":"Jiffy Steamer para Sombreros comercial J-4000H &#8226; Jiffy Steamer Espa\u00f1a - DISTRIBUIDOR OFFICIAL ESPA\u00d1A","isPartOf":{"@id":"https:\/\/jiffysteamer-spain.com\/#website"},"primaryImageOfPage":{"@id":"https:\/\/jiffysteamer-spain.com\/producto\/jiffy-steamer-para-sombreros-comercial-j-4000h\/#primaryimage"},"image":{"@id":"https:\/\/jiffysteamer-spain.com\/producto\/jiffy-steamer-para-sombreros-comercial-j-4000h\/#primaryimage"},"thumbnailUrl":"https:\/\/jiffysteamer-spain.com\/wp-content\/uploads\/2020\/06\/j-4000h_tan.jpg","datePublished":"2020-06-18T09:26:37+00:00","dateModified":"2025-09-05T09:29:17+00:00","breadcrumb":{"@id":"https:\/\/jiffysteamer-spain.com\/producto\/jiffy-steamer-para-sombreros-comercial-j-4000h\/#breadcrumb"},"inLanguage":"en-GB","potentialAction":[{"@type":"ReadAction","target":["https:\/\/jiffysteamer-spain.com\/producto\/jiffy-steamer-para-sombreros-comercial-j-4000h\/"]}]},{"@type":"ImageObject","inLanguage":"en-GB","@id":"https:\/\/jiffysteamer-spain.com\/producto\/jiffy-steamer-para-sombreros-comercial-j-4000h\/#primaryimage","url":"https:\/\/jiffysteamer-spain.com\/wp-content\/uploads\/2020\/06\/j-4000h_tan.jpg","contentUrl":"https:\/\/jiffysteamer-spain.com\/wp-content\/uploads\/2020\/06\/j-4000h_tan.jpg","width":667,"height":667,"caption":"Jiffy Steamer - J-2000H"},{"@type":"BreadcrumbList","@id":"https:\/\/jiffysteamer-spain.com\/producto\/jiffy-steamer-para-sombreros-comercial-j-4000h\/#breadcrumb","itemListElement":[{"@type":"ListItem","position":1,"name":"Portada","item":"https:\/\/jiffysteamer-spain.com\/"},{"@type":"ListItem","position":2,"name":"Todos los productos","item":"https:\/\/jiffysteamer-spain.com\/todos-los-productos\/"},{"@type":"ListItem","position":3,"name":"Jiffy Steamer para Sombreros comercial J-4000H"}]},{"@type":"WebSite","@id":"https:\/\/jiffysteamer-spain.com\/#website","url":"https:\/\/jiffysteamer-spain.com\/","name":"Jiffy Steamer - OFFICIAL DISTRIBUTOR","description":"OFFICIAL WEBSITE in SPAIN - Leaders in Vaporization Products","publisher":{"@id":"https:\/\/jiffysteamer-spain.com\/#organization"},"alternateName":"WEB OFICIAL Jiffy Steamer Espa\u00f1a - WEB OFICIAL","potentialAction":[{"@type":"SearchAction","target":{"@type":"EntryPoint","urlTemplate":"https:\/\/jiffysteamer-spain.com\/?s={search_term_string}"},"query-input":{"@type":"PropertyValueSpecification","valueRequired":true,"valueName":"search_term_string"}}],"inLanguage":"en-GB"},{"@type":"Organization","@id":"https:\/\/jiffysteamer-spain.com\/#organization","name":"Jiffy Steamer","url":"https:\/\/jiffysteamer-spain.com\/","logo":{"@type":"ImageObject","inLanguage":"en-GB","@id":"https:\/\/jiffysteamer-spain.com\/#\/schema\/logo\/image\/","url":"https:\/\/jiffysteamer-spain.com\/wp-content\/uploads\/2020\/05\/jiffy-steamer-logo_240.png","contentUrl":"https:\/\/jiffysteamer-spain.com\/wp-content\/uploads\/2020\/05\/jiffy-steamer-logo_240.png","width":240,"height":69,"caption":"Jiffy Steamer"},"image":{"@id":"https:\/\/jiffysteamer-spain.com\/#\/schema\/logo\/image\/"},"sameAs":["https:\/\/www.facebook.com\/JIFFY-Steamer-Spain-506230339579780\/","https:\/\/x.com\/jiffy_Steamer","https:\/\/www.instagram.com\/jiffysteamerspain\/","https:\/\/www.linkedin.com\/company\/jiffy-steamer-spain\/about\/"]}]}},"_links":{"self":[{"href":"https:\/\/jiffysteamer-spain.com\/en\/wp-json\/wp\/v2\/product\/6814","targetHints":{"allow":["GET"]}}],"collection":[{"href":"https:\/\/jiffysteamer-spain.com\/en\/wp-json\/wp\/v2\/product"}],"about":[{"href":"https:\/\/jiffysteamer-spain.com\/en\/wp-json\/wp\/v2\/types\/product"}],"replies":[{"embeddable":true,"href":"https:\/\/jiffysteamer-spain.com\/en\/wp-json\/wp\/v2\/comments?post=6814"}],"wp:featuredmedia":[{"embeddable":true,"href":"https:\/\/jiffysteamer-spain.com\/en\/wp-json\/wp\/v2\/media\/6819"}],"wp:attachment":[{"href":"https:\/\/jiffysteamer-spain.com\/en\/wp-json\/wp\/v2\/media?parent=6814"}],"wp:term":[{"taxonomy":"product_brand","embeddable":true,"href":"https:\/\/jiffysteamer-spain.com\/en\/wp-json\/wp\/v2\/product_brand?post=6814"},{"taxonomy":"product_cat","embeddable":true,"href":"https:\/\/jiffysteamer-spain.com\/en\/wp-json\/wp\/v2\/product_cat?post=6814"},{"taxonomy":"product_tag","embeddable":true,"href":"https:\/\/jiffysteamer-spain.com\/en\/wp-json\/wp\/v2\/product_tag?post=6814"}],"curies":[{"name":"wp","href":"https:\/\/api.w.org\/{rel}","templated":true}]}}